{"id":1249,"date":"2021-06-14T15:17:26","date_gmt":"2021-06-14T13:17:26","guid":{"rendered":"https:\/\/zs.bohuslavice.cz\/sdomain\/zs\/?page_id=1249"},"modified":"2021-06-14T15:19:14","modified_gmt":"2021-06-14T13:19:14","slug":"dokumenty-skolni-jidelna","status":"publish","type":"page","link":"https:\/\/zs.bohuslavice.cz\/sdomain\/zs\/dokumenty-skolni-jidelna\/","title":{"rendered":"Dokumenty \u0160koln\u00ed j\u00eddelna"},"content":{"rendered":"\t\t<div data-elementor-type=\"wp-page\" data-elementor-id=\"1249\" class=\"elementor elementor-1249\" data-elementor-post-type=\"page\">\n\t\t\t\t\t\t<section class=\"elementor-section elementor-top-section elementor-element elementor-element-558233a elementor-section-boxed elementor-section-height-default elementor-section-height-default\" data-id=\"558233a\" data-element_type=\"section\">\n\t\t\t\t\t\t<div class=\"elementor-container elementor-column-gap-default\">\n\t\t\t\t\t<div class=\"elementor-column elementor-col-100 elementor-top-column elementor-element elementor-element-f4f2827\" data-id=\"f4f2827\" data-element_type=\"column\">\n\t\t\t<div class=\"elementor-widget-wrap elementor-element-populated\">\n\t\t\t\t\t\t<div class=\"elementor-element elementor-element-c2df18c elementor-grid-1 elementor-posts--thumbnail-none elementor-grid-tablet-2 elementor-grid-mobile-1 elementor-card-shadow-yes elementor-posts__hover-gradient elementor-widget elementor-widget-posts\" data-id=\"c2df18c\" data-element_type=\"widget\" data-settings=\"{&quot;cards_columns&quot;:&quot;1&quot;,&quot;cards_columns_tablet&quot;:&quot;2&quot;,&quot;cards_columns_mobile&quot;:&quot;1&quot;,&quot;cards_row_gap&quot;:{&quot;unit&quot;:&quot;px&quot;,&quot;size&quot;:35,&quot;sizes&quot;:[]},&quot;cards_row_gap_tablet&quot;:{&quot;unit&quot;:&quot;px&quot;,&quot;size&quot;:&quot;&quot;,&quot;sizes&quot;:[]},&quot;cards_row_gap_mobile&quot;:{&quot;unit&quot;:&quot;px&quot;,&quot;size&quot;:&quot;&quot;,&quot;sizes&quot;:[]}}\" data-widget_type=\"posts.cards\">\n\t\t\t\t<div class=\"elementor-widget-container\">\n\t\t\t\t\t\t\t<div class=\"elementor-posts-container elementor-posts elementor-posts--skin-cards elementor-grid\" role=\"list\">\n\t\t\t\t<article class=\"elementor-post elementor-grid-item post-1862 post type-post status-publish format-standard has-post-thumbnail hentry category-dokumenty-jidelna category-jidelna\" role=\"listitem\">\n\t\t\t<div class=\"elementor-post__card\">\n\t\t\t\t<div class=\"elementor-post__text\">\n\t\t\t\t<h3 class=\"elementor-post__title\">\n\t\t\t<a href=\"https:\/\/zs.bohuslavice.cz\/sdomain\/zs\/cenik-stravneho-ve-skolni-jidelne-od-1-5-2022\/\" >\n\t\t\t\tCen\u00edk stravn\u00e9ho ve \u0161koln\u00ed j\u00eddeln\u011b od 1.5.2022\t\t\t<\/a>\n\t\t<\/h3>\n\t\t\t\t<\/div>\n\t\t\t\t\t<\/div>\n\t\t<\/article>\n\t\t\t\t<article class=\"elementor-post elementor-grid-item post-1412 post type-post status-publish format-standard hentry category-dokumenty-jidelna\" role=\"listitem\">\n\t\t\t<div class=\"elementor-post__card\">\n\t\t\t\t<div class=\"elementor-post__text\">\n\t\t\t\t<h3 class=\"elementor-post__title\">\n\t\t\t<a href=\"https:\/\/zs.bohuslavice.cz\/sdomain\/zs\/sm-9-vnitrni-rad-skolni-jidelny-vydejny-stravy\/\" >\n\t\t\t\tSM 9 VNIT\u0158N\u00cd \u0158\u00c1D \u0160KOLN\u00cd J\u00cdDELNY \u2013 V\u00ddDEJNY STRAVY\t\t\t<\/a>\n\t\t<\/h3>\n\t\t\t\t<\/div>\n\t\t\t\t\t<\/div>\n\t\t<\/article>\n\t\t\t\t<article class=\"elementor-post elementor-grid-item post-1409 post type-post status-publish format-standard hentry category-dokumenty-jidelna\" role=\"listitem\">\n\t\t\t<div class=\"elementor-post__card\">\n\t\t\t\t<div class=\"elementor-post__text\">\n\t\t\t\t<h3 class=\"elementor-post__title\">\n\t\t\t<a href=\"https:\/\/zs.bohuslavice.cz\/sdomain\/zs\/sm-10-haccap\/\" >\n\t\t\t\tSM 10 HACCAP\t\t\t<\/a>\n\t\t<\/h3>\n\t\t\t\t<\/div>\n\t\t\t\t\t<\/div>\n\t\t<\/article>\n\t\t\t\t<article class=\"elementor-post elementor-grid-item post-1406 post type-post status-publish format-standard hentry category-dokumenty-jidelna\" role=\"listitem\">\n\t\t\t<div class=\"elementor-post__card\">\n\t\t\t\t<div class=\"elementor-post__text\">\n\t\t\t\t<h3 class=\"elementor-post__title\">\n\t\t\t<a href=\"https:\/\/zs.bohuslavice.cz\/sdomain\/zs\/sm-10-haccap-dodatek-c-1\/\" >\n\t\t\t\tSM 10 HACCAP \u2013 DODATEK \u010c.1\t\t\t<\/a>\n\t\t<\/h3>\n\t\t\t\t<\/div>\n\t\t\t\t\t<\/div>\n\t\t<\/article>\n\t\t\t\t<\/div>\n\t\t\n\t\t\t\t\t\t<\/div>\n\t\t\t\t<\/div>\n\t\t\t\t\t<\/div>\n\t\t<\/div>\n\t\t\t\t\t<\/div>\n\t\t<\/section>\n\t\t\t\t<\/div>\n\t\t","protected":false},"excerpt":{"rendered":"","protected":false},"author":1,"featured_media":0,"parent":0,"menu_order":0,"comment_status":"closed","ping_status":"closed","template":"","meta":{"footnotes":""},"class_list":["post-1249","page","type-page","status-publish","hentry"],"_links":{"self":[{"href":"https:\/\/zs.bohuslavice.cz\/sdomain\/zs\/wp-json\/wp\/v2\/pages\/1249","targetHints":{"allow":["GET"]}}],"collection":[{"href":"https:\/\/zs.bohuslavice.cz\/sdomain\/zs\/wp-json\/wp\/v2\/pages"}],"about":[{"href":"https:\/\/zs.bohuslavice.cz\/sdomain\/zs\/wp-json\/wp\/v2\/types\/page"}],"author":[{"embeddable":true,"href":"https:\/\/zs.bohuslavice.cz\/sdomain\/zs\/wp-json\/wp\/v2\/users\/1"}],"replies":[{"embeddable":true,"href":"https:\/\/zs.bohuslavice.cz\/sdomain\/zs\/wp-json\/wp\/v2\/comments?post=1249"}],"version-history":[{"count":7,"href":"https:\/\/zs.bohuslavice.cz\/sdomain\/zs\/wp-json\/wp\/v2\/pages\/1249\/revisions"}],"predecessor-version":[{"id":1256,"href":"https:\/\/zs.bohuslavice.cz\/sdomain\/zs\/wp-json\/wp\/v2\/pages\/1249\/revisions\/1256"}],"wp:attachment":[{"href":"https:\/\/zs.bohuslavice.cz\/sdomain\/zs\/wp-json\/wp\/v2\/media?parent=1249"}],"curies":[{"name":"wp","href":"https:\/\/api.w.org\/{rel}","templated":true}]}}