{"id":1257,"date":"2021-06-14T15:19:34","date_gmt":"2021-06-14T13:19:34","guid":{"rendered":"https:\/\/zs.bohuslavice.cz\/sdomain\/zs\/?page_id=1257"},"modified":"2021-06-14T15:20:08","modified_gmt":"2021-06-14T13:20:08","slug":"dokumenty-skolni-druzina","status":"publish","type":"page","link":"https:\/\/zs.bohuslavice.cz\/sdomain\/zs\/dokumenty-skolni-druzina\/","title":{"rendered":"Dokumenty \u0160koln\u00ed dru\u017eina"},"content":{"rendered":"\t\t<div data-elementor-type=\"wp-page\" data-elementor-id=\"1257\" class=\"elementor elementor-1257\" data-elementor-post-type=\"page\">\n\t\t\t\t\t\t<section class=\"elementor-section elementor-top-section elementor-element elementor-element-aed2118 elementor-section-boxed elementor-section-height-default elementor-section-height-default\" data-id=\"aed2118\" data-element_type=\"section\">\n\t\t\t\t\t\t<div class=\"elementor-container elementor-column-gap-default\">\n\t\t\t\t\t<div class=\"elementor-column elementor-col-100 elementor-top-column elementor-element elementor-element-dca6cba\" data-id=\"dca6cba\" data-element_type=\"column\">\n\t\t\t<div class=\"elementor-widget-wrap elementor-element-populated\">\n\t\t\t\t\t\t<div class=\"elementor-element elementor-element-70c7020 elementor-grid-1 elementor-posts--thumbnail-none elementor-grid-tablet-2 elementor-grid-mobile-1 elementor-card-shadow-yes elementor-posts__hover-gradient elementor-widget elementor-widget-posts\" data-id=\"70c7020\" data-element_type=\"widget\" data-settings=\"{&quot;cards_columns&quot;:&quot;1&quot;,&quot;cards_columns_tablet&quot;:&quot;2&quot;,&quot;cards_columns_mobile&quot;:&quot;1&quot;,&quot;cards_row_gap&quot;:{&quot;unit&quot;:&quot;px&quot;,&quot;size&quot;:35,&quot;sizes&quot;:[]},&quot;cards_row_gap_tablet&quot;:{&quot;unit&quot;:&quot;px&quot;,&quot;size&quot;:&quot;&quot;,&quot;sizes&quot;:[]},&quot;cards_row_gap_mobile&quot;:{&quot;unit&quot;:&quot;px&quot;,&quot;size&quot;:&quot;&quot;,&quot;sizes&quot;:[]}}\" data-widget_type=\"posts.cards\">\n\t\t\t\t<div class=\"elementor-widget-container\">\n\t\t\t\t\t\t\t<div class=\"elementor-posts-container elementor-posts elementor-posts--skin-cards elementor-grid\" role=\"list\">\n\t\t\t\t<article class=\"elementor-post elementor-grid-item post-2315 post type-post status-publish format-standard hentry category-aktuality-zs category-dokumenty-sd category-druzina\" role=\"listitem\">\n\t\t\t<div class=\"elementor-post__card\">\n\t\t\t\t<div class=\"elementor-post__text\">\n\t\t\t\t<h3 class=\"elementor-post__title\">\n\t\t\t<a href=\"https:\/\/zs.bohuslavice.cz\/sdomain\/zs\/provoz-sd-v-dobe-prazdnin-2022-2023\/\" >\n\t\t\t\tProvoz \u0160D v dob\u011b pr\u00e1zdnin 2022-2023\t\t\t<\/a>\n\t\t<\/h3>\n\t\t\t\t<\/div>\n\t\t\t\t\t<\/div>\n\t\t<\/article>\n\t\t\t\t<article class=\"elementor-post elementor-grid-item post-1425 post type-post status-publish format-standard hentry category-dokumenty-sd category-druzina category-nezarazene\" role=\"listitem\">\n\t\t\t<div class=\"elementor-post__card\">\n\t\t\t\t<div class=\"elementor-post__text\">\n\t\t\t\t<h3 class=\"elementor-post__title\">\n\t\t\t<a href=\"https:\/\/zs.bohuslavice.cz\/sdomain\/zs\/rocni-plan-skolni-druziny-2020-2021\/\" >\n\t\t\t\tRo\u010dn\u00ed pl\u00e1n \u0161koln\u00ed dru\u017einy 2021-2022\t\t\t<\/a>\n\t\t<\/h3>\n\t\t\t\t<\/div>\n\t\t\t\t\t<\/div>\n\t\t<\/article>\n\t\t\t\t<article class=\"elementor-post elementor-grid-item post-1422 post type-post status-publish format-standard hentry category-dokumenty-sd\" role=\"listitem\">\n\t\t\t<div class=\"elementor-post__card\">\n\t\t\t\t<div class=\"elementor-post__text\">\n\t\t\t\t<h3 class=\"elementor-post__title\">\n\t\t\t<a href=\"https:\/\/zs.bohuslavice.cz\/sdomain\/zs\/sm-8-vnitrni-rad-skolni-druziny\/\" >\n\t\t\t\tSM 8 VNIT\u0158N\u00cd \u0158\u00c1D \u0160KOLN\u00cd DRU\u017dINY\t\t\t<\/a>\n\t\t<\/h3>\n\t\t\t\t<\/div>\n\t\t\t\t\t<\/div>\n\t\t<\/article>\n\t\t\t\t<article class=\"elementor-post elementor-grid-item post-1419 post type-post status-publish format-standard hentry category-dokumenty-sd\" role=\"listitem\">\n\t\t\t<div class=\"elementor-post__card\">\n\t\t\t\t<div class=\"elementor-post__text\">\n\t\t\t\t<h3 class=\"elementor-post__title\">\n\t\t\t<a href=\"https:\/\/zs.bohuslavice.cz\/sdomain\/zs\/sm-8-vnitrni-rad-skolni-druziny-dodatek\/\" >\n\t\t\t\tSM 8 VNIT\u0158N\u00cd \u0158\u00c1D \u0160KOLN\u00cd DRU\u017dINY \u2013 DODATEK\t\t\t<\/a>\n\t\t<\/h3>\n\t\t\t\t<\/div>\n\t\t\t\t\t<\/div>\n\t\t<\/article>\n\t\t\t\t<article class=\"elementor-post elementor-grid-item post-1416 post type-post status-publish format-standard hentry category-dokumenty-sd\" role=\"listitem\">\n\t\t\t<div class=\"elementor-post__card\">\n\t\t\t\t<div class=\"elementor-post__text\">\n\t\t\t\t<h3 class=\"elementor-post__title\">\n\t\t\t<a href=\"https:\/\/zs.bohuslavice.cz\/sdomain\/zs\/sm-30-provozni-rad-zs-sd-vs-2\/\" >\n\t\t\t\tSM 30 PROVOZN\u00cd \u0158\u00c1D Z\u0160, \u0160D, VS\t\t\t<\/a>\n\t\t<\/h3>\n\t\t\t\t<\/div>\n\t\t\t\t\t<\/div>\n\t\t<\/article>\n\t\t\t\t<\/div>\n\t\t\n\t\t\t\t\t\t<\/div>\n\t\t\t\t<\/div>\n\t\t\t\t\t<\/div>\n\t\t<\/div>\n\t\t\t\t\t<\/div>\n\t\t<\/section>\n\t\t\t\t<\/div>\n\t\t","protected":false},"excerpt":{"rendered":"","protected":false},"author":1,"featured_media":0,"parent":0,"menu_order":0,"comment_status":"closed","ping_status":"closed","template":"","meta":{"footnotes":""},"class_list":["post-1257","page","type-page","status-publish","hentry"],"_links":{"self":[{"href":"https:\/\/zs.bohuslavice.cz\/sdomain\/zs\/wp-json\/wp\/v2\/pages\/1257","targetHints":{"allow":["GET"]}}],"collection":[{"href":"https:\/\/zs.bohuslavice.cz\/sdomain\/zs\/wp-json\/wp\/v2\/pages"}],"about":[{"href":"https:\/\/zs.bohuslavice.cz\/sdomain\/zs\/wp-json\/wp\/v2\/types\/page"}],"author":[{"embeddable":true,"href":"https:\/\/zs.bohuslavice.cz\/sdomain\/zs\/wp-json\/wp\/v2\/users\/1"}],"replies":[{"embeddable":true,"href":"https:\/\/zs.bohuslavice.cz\/sdomain\/zs\/wp-json\/wp\/v2\/comments?post=1257"}],"version-history":[{"count":4,"href":"https:\/\/zs.bohuslavice.cz\/sdomain\/zs\/wp-json\/wp\/v2\/pages\/1257\/revisions"}],"predecessor-version":[{"id":1261,"href":"https:\/\/zs.bohuslavice.cz\/sdomain\/zs\/wp-json\/wp\/v2\/pages\/1257\/revisions\/1261"}],"wp:attachment":[{"href":"https:\/\/zs.bohuslavice.cz\/sdomain\/zs\/wp-json\/wp\/v2\/media?parent=1257"}],"curies":[{"name":"wp","href":"https:\/\/api.w.org\/{rel}","templated":true}]}}