{"id":523,"date":"2020-10-01T00:32:14","date_gmt":"2020-09-30T22:32:14","guid":{"rendered":"https:\/\/zs.bohuslavice.cz\/sdomain\/zs\/?page_id=523"},"modified":"2024-05-20T23:01:09","modified_gmt":"2024-05-20T21:01:09","slug":"rd-projetky","status":"publish","type":"page","link":"https:\/\/zs.bohuslavice.cz\/sdomain\/zs\/rd-projetky\/","title":{"rendered":"\u0158D projetky"},"content":{"rendered":"\n<div class=\"wp-block-file\"><a href=\"https:\/\/zs.bohuslavice.cz\/sdomain\/zs\/wp-content\/uploads\/2024\/03\/priloha_1326748902_4_Vzor-publicity-cil-173-a-174-soucasne.pdf\">priloha_1326748902_4_Vzor publicity c\u00edl 173 a 174 sou\u010dasn\u011b<\/a><a href=\"https:\/\/zs.bohuslavice.cz\/sdomain\/zs\/wp-content\/uploads\/2024\/03\/priloha_1326748902_4_Vzor-publicity-cil-173-a-174-soucasne.pdf\" class=\"wp-block-file__button\" download>St\u00e1hnout<\/a><\/div>\n\n\n\n<div class=\"wp-block-file\"><a href=\"https:\/\/zs.bohuslavice.cz\/sdomain\/zs\/wp-content\/uploads\/2024\/03\/priloha_1326748902_5_Vzor-publicity-cil-174-\u2013-digitalni-ucebni-pomucky.pdf\">priloha_1326748902_5_Vzor publicity c\u00edl 174 \u2013 digit\u00e1ln\u00ed u\u010debn\u00ed pom\u016fcky<\/a><a href=\"https:\/\/zs.bohuslavice.cz\/sdomain\/zs\/wp-content\/uploads\/2024\/03\/priloha_1326748902_5_Vzor-publicity-cil-174-\u2013-digitalni-ucebni-pomucky.pdf\" class=\"wp-block-file__button\" download>St\u00e1hnout<\/a><\/div>\n\n\n\n<div class=\"wp-block-file\"><a href=\"https:\/\/zs.bohuslavice.cz\/sdomain\/zs\/wp-content\/uploads\/2024\/03\/priloha_1326748902_2_Vzor-publicity-cil-172-\u2013-distancni-vyuka.pdf\">priloha_1326748902_2_Vzor publicity c\u00edl 172 \u2013 distan\u010dn\u00ed v\u00fduka<\/a><a href=\"https:\/\/zs.bohuslavice.cz\/sdomain\/zs\/wp-content\/uploads\/2024\/03\/priloha_1326748902_2_Vzor-publicity-cil-172-\u2013-distancni-vyuka.pdf\" class=\"wp-block-file__button\" download>St\u00e1hnout<\/a><\/div>\n\n\n\n<div class=\"wp-block-file\"><a href=\"https:\/\/zs.bohuslavice.cz\/sdomain\/zs\/wp-content\/uploads\/2020\/12\/PUBLICITA-sABLONY-I..pdf\">PUBLICITA \u0160ABLONY I<\/a><a href=\"https:\/\/zs.bohuslavice.cz\/sdomain\/zs\/wp-content\/uploads\/2020\/12\/PUBLICITA-sABLONY-I..pdf\" class=\"wp-block-file__button\" download>St\u00e1hnout<\/a><\/div>\n\n\n\n<div class=\"wp-block-file\"><a href=\"https:\/\/zs.bohuslavice.cz\/sdomain\/zs\/wp-content\/uploads\/2020\/12\/PUBLICITA-sABLONY-II.pdf\">PUBLICITA \u0160ABLONY II<\/a><a href=\"https:\/\/zs.bohuslavice.cz\/sdomain\/zs\/wp-content\/uploads\/2020\/12\/PUBLICITA-sABLONY-II.pdf\" class=\"wp-block-file__button\" download>St\u00e1hnout<\/a><\/div>\n\n\n\n<div class=\"wp-block-file\"><a href=\"https:\/\/zs.bohuslavice.cz\/sdomain\/zs\/wp-content\/uploads\/2021\/08\/publicita-plakat.pdf\">PUBLICITA \u0160ABLONY III<\/a><a href=\"https:\/\/zs.bohuslavice.cz\/sdomain\/zs\/wp-content\/uploads\/2021\/08\/publicita-plakat.pdf\" class=\"wp-block-file__button\" download>St\u00e1hnout<\/a><\/div>\n\n\n\n<p><\/p>\n\n\n\n<div class=\"wp-block-file\"><a href=\"https:\/\/zs.bohuslavice.cz\/sdomain\/zs\/wp-content\/uploads\/2024\/05\/Bohuslavice_plakat-generator.pdf\">OP JAK<\/a><a href=\"https:\/\/zs.bohuslavice.cz\/sdomain\/zs\/wp-content\/uploads\/2024\/05\/Bohuslavice_plakat-generator.pdf\" class=\"wp-block-file__button\" download>St\u00e1hnout<\/a><\/div>\n\n\n\n<p><\/p>\n","protected":false},"excerpt":{"rendered":"","protected":false},"author":1,"featured_media":0,"parent":0,"menu_order":0,"comment_status":"closed","ping_status":"closed","template":"","meta":{"footnotes":""},"class_list":["post-523","page","type-page","status-publish","hentry"],"_links":{"self":[{"href":"https:\/\/zs.bohuslavice.cz\/sdomain\/zs\/wp-json\/wp\/v2\/pages\/523","targetHints":{"allow":["GET"]}}],"collection":[{"href":"https:\/\/zs.bohuslavice.cz\/sdomain\/zs\/wp-json\/wp\/v2\/pages"}],"about":[{"href":"https:\/\/zs.bohuslavice.cz\/sdomain\/zs\/wp-json\/wp\/v2\/types\/page"}],"author":[{"embeddable":true,"href":"https:\/\/zs.bohuslavice.cz\/sdomain\/zs\/wp-json\/wp\/v2\/users\/1"}],"replies":[{"embeddable":true,"href":"https:\/\/zs.bohuslavice.cz\/sdomain\/zs\/wp-json\/wp\/v2\/comments?post=523"}],"version-history":[{"count":8,"href":"https:\/\/zs.bohuslavice.cz\/sdomain\/zs\/wp-json\/wp\/v2\/pages\/523\/revisions"}],"predecessor-version":[{"id":2599,"href":"https:\/\/zs.bohuslavice.cz\/sdomain\/zs\/wp-json\/wp\/v2\/pages\/523\/revisions\/2599"}],"wp:attachment":[{"href":"https:\/\/zs.bohuslavice.cz\/sdomain\/zs\/wp-json\/wp\/v2\/media?parent=523"}],"curies":[{"name":"wp","href":"https:\/\/api.w.org\/{rel}","templated":true}]}}