{"id":540,"date":"2020-10-01T00:44:44","date_gmt":"2020-09-30T22:44:44","guid":{"rendered":"https:\/\/zs.bohuslavice.cz\/sdomain\/zs\/?page_id=540"},"modified":"2020-10-01T00:45:06","modified_gmt":"2020-09-30T22:45:06","slug":"druzina-kontakt","status":"publish","type":"page","link":"https:\/\/zs.bohuslavice.cz\/sdomain\/zs\/druzina-kontakt\/","title":{"rendered":"Dru\u017eina, kontakt"},"content":{"rendered":"\t\t<div data-elementor-type=\"wp-page\" data-elementor-id=\"540\" class=\"elementor elementor-540\" data-elementor-post-type=\"page\">\n\t\t\t\t\t\t<section class=\"elementor-section elementor-top-section elementor-element elementor-element-12c0a91 elementor-section-boxed elementor-section-height-default elementor-section-height-default\" data-id=\"12c0a91\" data-element_type=\"section\">\n\t\t\t\t\t\t<div class=\"elementor-container elementor-column-gap-default\">\n\t\t\t\t\t<div class=\"elementor-column elementor-col-100 elementor-top-column elementor-element elementor-element-d33433c\" data-id=\"d33433c\" data-element_type=\"column\">\n\t\t\t<div class=\"elementor-widget-wrap elementor-element-populated\">\n\t\t\t\t\t\t<div class=\"elementor-element elementor-element-3d3b0a3 elementor-widget elementor-widget-spacer\" data-id=\"3d3b0a3\" data-element_type=\"widget\" data-widget_type=\"spacer.default\">\n\t\t\t\t<div class=\"elementor-widget-container\">\n\t\t\t\t\t\t\t<div class=\"elementor-spacer\">\n\t\t\t<div class=\"elementor-spacer-inner\"><\/div>\n\t\t<\/div>\n\t\t\t\t\t\t<\/div>\n\t\t\t\t<\/div>\n\t\t\t\t<div class=\"elementor-element elementor-element-d663f8d elementor-widget elementor-widget-text-editor\" data-id=\"d663f8d\" data-element_type=\"widget\" data-widget_type=\"text-editor.default\">\n\t\t\t\t<div class=\"elementor-widget-container\">\n\t\t\t\t\t\t\t\t\t<p class=\"nadpis\">Adresa<\/p><p class=\"popis\">Z\u00e1kladn\u00ed \u0161kola a Mate\u0159sk\u00e1 \u0161kola, Bohuslavice, okres \u0160umperk, p\u0159\u00edsp\u011bvkov\u00e1 organizace <br \/>Bohuslavice 68 <br \/>789 72 Dubicko<\/p><p class=\"nadpis\">Telefon<\/p><p class=\"popis\">Z\u0160 583 444 314 M\u0160 583 414 206<\/p>\t\t\t\t\t\t\t\t<\/div>\n\t\t\t\t<\/div>\n\t\t\t\t\t<\/div>\n\t\t<\/div>\n\t\t\t\t\t<\/div>\n\t\t<\/section>\n\t\t\t\t<\/div>\n\t\t","protected":false},"excerpt":{"rendered":"<p>Adresa Z\u00e1kladn\u00ed \u0161kola a Mate\u0159sk\u00e1 \u0161kola, Bohuslavice, okres \u0160umperk, p\u0159\u00edsp\u011bvkov\u00e1 organizace Bohuslavice 68 789 72 Dubicko Telefon Z\u0160 583 444 314 M\u0160 583 414 206<\/p>\n","protected":false},"author":1,"featured_media":0,"parent":0,"menu_order":0,"comment_status":"closed","ping_status":"closed","template":"","meta":{"footnotes":""},"class_list":["post-540","page","type-page","status-publish","hentry"],"_links":{"self":[{"href":"https:\/\/zs.bohuslavice.cz\/sdomain\/zs\/wp-json\/wp\/v2\/pages\/540","targetHints":{"allow":["GET"]}}],"collection":[{"href":"https:\/\/zs.bohuslavice.cz\/sdomain\/zs\/wp-json\/wp\/v2\/pages"}],"about":[{"href":"https:\/\/zs.bohuslavice.cz\/sdomain\/zs\/wp-json\/wp\/v2\/types\/page"}],"author":[{"embeddable":true,"href":"https:\/\/zs.bohuslavice.cz\/sdomain\/zs\/wp-json\/wp\/v2\/users\/1"}],"replies":[{"embeddable":true,"href":"https:\/\/zs.bohuslavice.cz\/sdomain\/zs\/wp-json\/wp\/v2\/comments?post=540"}],"version-history":[{"count":2,"href":"https:\/\/zs.bohuslavice.cz\/sdomain\/zs\/wp-json\/wp\/v2\/pages\/540\/revisions"}],"predecessor-version":[{"id":542,"href":"https:\/\/zs.bohuslavice.cz\/sdomain\/zs\/wp-json\/wp\/v2\/pages\/540\/revisions\/542"}],"wp:attachment":[{"href":"https:\/\/zs.bohuslavice.cz\/sdomain\/zs\/wp-json\/wp\/v2\/media?parent=540"}],"curies":[{"name":"wp","href":"https:\/\/api.w.org\/{rel}","templated":true}]}}